{"id":13,"date":"2016-09-15T13:10:47","date_gmt":"2016-09-15T12:10:47","guid":{"rendered":"http:\/\/ekonomikonsultofm.se\/?page_id=13"},"modified":"2026-04-11T19:29:18","modified_gmt":"2026-04-11T18:29:18","slug":"hem","status":"publish","type":"page","link":"https:\/\/www.ekonomikonsultofm.se\/","title":{"rendered":"Ekonomikonsult AB"},"content":{"rendered":"<p>&nbsp;<\/p>\n<p><img loading=\"lazy\" decoding=\"async\" class=\"alignnone size-full wp-image-82\" src=\"https:\/\/www.ekonomikonsultofm.se\/wp-content\/uploads\/2026\/04\/alla.png\" alt=\"Gruppbild p\u00e5 Michaela Mrsa, Johanna Persson, Carina R\u00f6nk\u00e4 och Hilda Svensson.\" width=\"2560\" height=\"1440\" srcset=\"https:\/\/www.ekonomikonsultofm.se\/wp-content\/uploads\/2026\/04\/alla.png 2560w, https:\/\/www.ekonomikonsultofm.se\/wp-content\/uploads\/2026\/04\/alla-1024x576.png 1024w, https:\/\/www.ekonomikonsultofm.se\/wp-content\/uploads\/2026\/04\/alla-150x84.png 150w, https:\/\/www.ekonomikonsultofm.se\/wp-content\/uploads\/2026\/04\/alla-768x432.png 768w, https:\/\/www.ekonomikonsultofm.se\/wp-content\/uploads\/2026\/04\/alla-1536x864.png 1536w, https:\/\/www.ekonomikonsultofm.se\/wp-content\/uploads\/2026\/04\/alla-2048x1152.png 2048w, https:\/\/www.ekonomikonsultofm.se\/wp-content\/uploads\/2026\/04\/alla-500x281.png 500w\" sizes=\"auto, (max-width: 2560px) 100vw, 2560px\" \/><\/p>\n<p>Ekonomikonsult AB i Olofstr\u00f6m \u00e4r en personlig redovisningsbyr\u00e5 som str\u00e4var efter att h\u00e5lla en aktiv dialog med sina kunder.<\/p>\n<p>Vi hj\u00e4lper sm\u00e5 och medelstora f\u00f6retag med alla tj\u00e4nster inom ekonomi. Vi satsar p\u00e5 service till alla f\u00f6retag, vare sig det handlar om bokf\u00f6ring, r\u00e5dgivning eller ekonomistyrning. Under fliken tj\u00e4nster finns mer specificerad info.<\/p>\n<p>Vi hj\u00e4lper er att anlysera vad just ditt f\u00f6retag har f\u00f6r behov och p\u00e5 vilket s\u00e4tt vi kan hj\u00e4lpa er b\u00e4st.<\/p>\n<p>Vi finns p\u00e5 Citronv\u00e4gen i Olofstr\u00f6m och hos oss m\u00f6ter ni \u00e4garna Carina och Johanna som \u00e4r Auktoriserade Redovisningskonsulter tillsammans med v\u00e5ra duktiga medarbetare Michaela och Hilda.<\/p>\n<p>Under fliken <a title=\"Vilka \u00e4r vi?\" href=\"https:\/\/ekonomikonsultofm.se\/?page_id=30\">Vilka \u00e4r vi<\/a> och <a title=\"Kontakta oss?\" href=\"https:\/\/ekonomikonsultofm.se\/?page_id=32\">Kontakta oss<\/a> finns mer information.<\/p>\n","protected":false},"excerpt":{"rendered":"<p>&nbsp; Ekonomikonsult AB i Olofstr\u00f6m \u00e4r en personlig redovisningsbyr\u00e5 som str\u00e4var efter att h\u00e5lla en aktiv dialog med sina kunder. Vi hj\u00e4lper sm\u00e5 och medelstora f\u00f6retag med alla tj\u00e4nster inom ekonomi. Vi satsar p\u00e5 service till alla f\u00f6retag, vare sig &hellip; <a href=\"https:\/\/www.ekonomikonsultofm.se\/\">Forts\u00e4tt l\u00e4sa <span class=\"meta-nav\">&rarr;<\/span><\/a><\/p>\n","protected":false},"author":1,"featured_media":0,"parent":0,"menu_order":0,"comment_status":"closed","ping_status":"open","template":"","meta":{"footnotes":""},"class_list":["post-13","page","type-page","status-publish","hentry"],"_links":{"self":[{"href":"https:\/\/www.ekonomikonsultofm.se\/index.php?rest_route=\/wp\/v2\/pages\/13","targetHints":{"allow":["GET"]}}],"collection":[{"href":"https:\/\/www.ekonomikonsultofm.se\/index.php?rest_route=\/wp\/v2\/pages"}],"about":[{"href":"https:\/\/www.ekonomikonsultofm.se\/index.php?rest_route=\/wp\/v2\/types\/page"}],"author":[{"embeddable":true,"href":"https:\/\/www.ekonomikonsultofm.se\/index.php?rest_route=\/wp\/v2\/users\/1"}],"replies":[{"embeddable":true,"href":"https:\/\/www.ekonomikonsultofm.se\/index.php?rest_route=%2Fwp%2Fv2%2Fcomments&post=13"}],"version-history":[{"count":12,"href":"https:\/\/www.ekonomikonsultofm.se\/index.php?rest_route=\/wp\/v2\/pages\/13\/revisions"}],"predecessor-version":[{"id":160,"href":"https:\/\/www.ekonomikonsultofm.se\/index.php?rest_route=\/wp\/v2\/pages\/13\/revisions\/160"}],"wp:attachment":[{"href":"https:\/\/www.ekonomikonsultofm.se\/index.php?rest_route=%2Fwp%2Fv2%2Fmedia&parent=13"}],"curies":[{"name":"wp","href":"https:\/\/api.w.org\/{rel}","templated":true}]}}