{"id":30,"date":"2016-09-15T13:33:32","date_gmt":"2016-09-15T12:33:32","guid":{"rendered":"http:\/\/ekonomikonsultofm.se\/?page_id=30"},"modified":"2026-04-11T19:05:54","modified_gmt":"2026-04-11T18:05:54","slug":"vilka-ar-vi","status":"publish","type":"page","link":"https:\/\/www.ekonomikonsultofm.se\/?page_id=30","title":{"rendered":"Vilka \u00e4r vi?"},"content":{"rendered":"\n<figure class=\"wp-block-gallery has-nested-images columns-default is-cropped wp-block-gallery-1 is-layout-flex wp-block-gallery-is-layout-flex\">\n<figure class=\"wp-block-image size-large\"><img loading=\"lazy\" decoding=\"async\" width=\"768\" height=\"1024\" data-id=\"88\" src=\"https:\/\/www.ekonomikonsultofm.se\/wp-content\/uploads\/2026\/04\/5807b778-2c0b-4b49-8ce6-9b89fb90fbc7-768x1024.jpg\" alt=\"Bild p\u00e5 Carina R\u00f6nk\u00e4\" class=\"wp-image-88\" srcset=\"https:\/\/www.ekonomikonsultofm.se\/wp-content\/uploads\/2026\/04\/5807b778-2c0b-4b49-8ce6-9b89fb90fbc7-768x1024.jpg 768w, https:\/\/www.ekonomikonsultofm.se\/wp-content\/uploads\/2026\/04\/5807b778-2c0b-4b49-8ce6-9b89fb90fbc7-113x150.jpg 113w, https:\/\/www.ekonomikonsultofm.se\/wp-content\/uploads\/2026\/04\/5807b778-2c0b-4b49-8ce6-9b89fb90fbc7-1152x1536.jpg 1152w, https:\/\/www.ekonomikonsultofm.se\/wp-content\/uploads\/2026\/04\/5807b778-2c0b-4b49-8ce6-9b89fb90fbc7-1536x2048.jpg 1536w, https:\/\/www.ekonomikonsultofm.se\/wp-content\/uploads\/2026\/04\/5807b778-2c0b-4b49-8ce6-9b89fb90fbc7-225x300.jpg 225w, https:\/\/www.ekonomikonsultofm.se\/wp-content\/uploads\/2026\/04\/5807b778-2c0b-4b49-8ce6-9b89fb90fbc7-scaled.jpg 1921w\" sizes=\"auto, (max-width: 768px) 100vw, 768px\" \/><figcaption class=\"wp-element-caption\"><mark style=\"background-color:#000000\" class=\"has-inline-color has-black-color\">..<\/mark><mark style=\"background-color:#000000\" class=\"has-inline-color has-white-color\">Carina R\u00f6nk\u00e4<mark style=\"background-color:#000000\" class=\"has-inline-color has-black-color\">..<\/mark><br><mark style=\"background-color:#000000\" class=\"has-inline-color has-black-color\">..<\/mark>Auktoriserad Redovisningskonsult<mark style=\"background-color:#000000\" class=\"has-inline-color has-black-color\">..<\/mark><br><mark style=\"background-color:#000000\" class=\"has-inline-color has-black-color\">..<\/mark><\/mark><a href=\"mailto:carina@ekonomikonsultofm.se\"><mark style=\"background-color:#000000\" class=\"has-inline-color has-white-color\">Carina@ekonomikonsultofm.se<\/mark><\/a><mark style=\"background-color:#000000\" class=\"has-inline-color has-black-color\">..<\/mark><\/figcaption><\/figure>\n\n\n\n<figure class=\"wp-block-image size-large\"><img loading=\"lazy\" decoding=\"async\" width=\"768\" height=\"1024\" data-id=\"97\" src=\"https:\/\/www.ekonomikonsultofm.se\/wp-content\/uploads\/2026\/04\/285dc275-a232-4fae-a275-4e6152c2d02c-768x1024.jpg\" alt=\"Bild p\u00e5 Johanna Persson\" class=\"wp-image-97\" srcset=\"https:\/\/www.ekonomikonsultofm.se\/wp-content\/uploads\/2026\/04\/285dc275-a232-4fae-a275-4e6152c2d02c-768x1024.jpg 768w, https:\/\/www.ekonomikonsultofm.se\/wp-content\/uploads\/2026\/04\/285dc275-a232-4fae-a275-4e6152c2d02c-112x150.jpg 112w, https:\/\/www.ekonomikonsultofm.se\/wp-content\/uploads\/2026\/04\/285dc275-a232-4fae-a275-4e6152c2d02c-1152x1536.jpg 1152w, https:\/\/www.ekonomikonsultofm.se\/wp-content\/uploads\/2026\/04\/285dc275-a232-4fae-a275-4e6152c2d02c-1536x2048.jpg 1536w, https:\/\/www.ekonomikonsultofm.se\/wp-content\/uploads\/2026\/04\/285dc275-a232-4fae-a275-4e6152c2d02c-225x300.jpg 225w, https:\/\/www.ekonomikonsultofm.se\/wp-content\/uploads\/2026\/04\/285dc275-a232-4fae-a275-4e6152c2d02c-scaled.jpg 1920w\" sizes=\"auto, (max-width: 768px) 100vw, 768px\" \/><figcaption class=\"wp-element-caption\"><mark style=\"background-color:#000000\" class=\"has-inline-color has-white-color\"><mark style=\"background-color:#000000\" class=\"has-inline-color has-black-color\">..<\/mark>Johanna Persson<mark style=\"background-color:#000000\" class=\"has-inline-color has-black-color\">..<\/mark><br><\/mark><mark style=\"background-color:#000000\" class=\"has-inline-color has-black-color\">..<\/mark><mark style=\"background-color:#000000\" class=\"has-inline-color has-white-color\">Auktoriserad Redovisningskonsult<\/mark><mark style=\"background-color:#000000\" class=\"has-inline-color has-black-color\">..<\/mark><mark style=\"background-color:#000000\" class=\"has-inline-color has-white-color\"><br><mark style=\"background-color:#000000\" class=\"has-inline-color has-black-color\">..<\/mark><a href=\"mailto:johanna@ekonomikonsultofm.se\">Johanna@ekonomikonsultofm.se<\/a><mark style=\"background-color:#000000\" class=\"has-inline-color has-black-color\">..<\/mark><\/mark><\/figcaption><\/figure>\n<\/figure>\n\n\n\n<figure class=\"wp-block-gallery has-nested-images columns-default is-cropped wp-block-gallery-2 is-layout-flex wp-block-gallery-is-layout-flex\">\n<figure class=\"wp-block-image size-large\"><img loading=\"lazy\" decoding=\"async\" width=\"768\" height=\"1024\" data-id=\"103\" src=\"https:\/\/www.ekonomikonsultofm.se\/wp-content\/uploads\/2026\/04\/8c4c5124-881b-4422-abb7-2d9e45468127-768x1024.jpg\" alt=\"Bild p\u00e5 Michaela Mr\u0161a\" class=\"wp-image-103\" srcset=\"https:\/\/www.ekonomikonsultofm.se\/wp-content\/uploads\/2026\/04\/8c4c5124-881b-4422-abb7-2d9e45468127-768x1024.jpg 768w, https:\/\/www.ekonomikonsultofm.se\/wp-content\/uploads\/2026\/04\/8c4c5124-881b-4422-abb7-2d9e45468127-112x150.jpg 112w, https:\/\/www.ekonomikonsultofm.se\/wp-content\/uploads\/2026\/04\/8c4c5124-881b-4422-abb7-2d9e45468127-1152x1536.jpg 1152w, https:\/\/www.ekonomikonsultofm.se\/wp-content\/uploads\/2026\/04\/8c4c5124-881b-4422-abb7-2d9e45468127-1536x2048.jpg 1536w, https:\/\/www.ekonomikonsultofm.se\/wp-content\/uploads\/2026\/04\/8c4c5124-881b-4422-abb7-2d9e45468127-225x300.jpg 225w, https:\/\/www.ekonomikonsultofm.se\/wp-content\/uploads\/2026\/04\/8c4c5124-881b-4422-abb7-2d9e45468127-scaled.jpg 1920w\" sizes=\"auto, (max-width: 768px) 100vw, 768px\" \/><figcaption class=\"wp-element-caption\"><mark style=\"background-color:#000000\" class=\"has-inline-color has-white-color\"><mark style=\"background-color:#000000\" class=\"has-inline-color has-black-color\">..<\/mark>Michaela Mr\u0161a<mark style=\"background-color:#000000\" class=\"has-inline-color has-white-color\"><mark style=\"background-color:#000000\" class=\"has-inline-color has-black-color\">..<\/mark><\/mark><br><mark style=\"background-color:#000000\" class=\"has-inline-color has-white-color\"><mark style=\"background-color:#000000\" class=\"has-inline-color has-black-color\">..<\/mark><\/mark>Redovisningsassistent<mark style=\"background-color:#000000\" class=\"has-inline-color has-white-color\"><mark style=\"background-color:#000000\" class=\"has-inline-color has-black-color\">..<\/mark><\/mark><br><mark style=\"background-color:#000000\" class=\"has-inline-color has-white-color\"><mark style=\"background-color:#000000\" class=\"has-inline-color has-black-color\">..<\/mark><\/mark><a href=\"mailto:michaela@ekonomikonsultofm.se\">Michaela@ekonomikonsultofm.se<\/a><mark style=\"background-color:#000000\" class=\"has-inline-color has-black-color\">..<\/mark><\/mark><\/figcaption><\/figure>\n\n\n\n<figure class=\"wp-block-image size-large\"><img loading=\"lazy\" decoding=\"async\" width=\"768\" height=\"1024\" data-id=\"100\" src=\"https:\/\/www.ekonomikonsultofm.se\/wp-content\/uploads\/2026\/04\/dcd0efda-b122-40f0-83b5-7201237b7ee3-768x1024.jpg\" alt=\"Bild p\u00e5 Hilda Svensson\" class=\"wp-image-100\" srcset=\"https:\/\/www.ekonomikonsultofm.se\/wp-content\/uploads\/2026\/04\/dcd0efda-b122-40f0-83b5-7201237b7ee3-768x1024.jpg 768w, https:\/\/www.ekonomikonsultofm.se\/wp-content\/uploads\/2026\/04\/dcd0efda-b122-40f0-83b5-7201237b7ee3-112x150.jpg 112w, https:\/\/www.ekonomikonsultofm.se\/wp-content\/uploads\/2026\/04\/dcd0efda-b122-40f0-83b5-7201237b7ee3-1152x1536.jpg 1152w, https:\/\/www.ekonomikonsultofm.se\/wp-content\/uploads\/2026\/04\/dcd0efda-b122-40f0-83b5-7201237b7ee3-1536x2048.jpg 1536w, https:\/\/www.ekonomikonsultofm.se\/wp-content\/uploads\/2026\/04\/dcd0efda-b122-40f0-83b5-7201237b7ee3-225x300.jpg 225w, https:\/\/www.ekonomikonsultofm.se\/wp-content\/uploads\/2026\/04\/dcd0efda-b122-40f0-83b5-7201237b7ee3-scaled.jpg 1920w\" sizes=\"auto, (max-width: 768px) 100vw, 768px\" \/><figcaption class=\"wp-element-caption\"><mark style=\"background-color:#000000\" class=\"has-inline-color has-white-color\"><mark style=\"background-color:#000000\" class=\"has-inline-color has-black-color\">..<\/mark>Hilda Svensson<mark style=\"background-color:#000000\" class=\"has-inline-color has-white-color\"><mark style=\"background-color:#000000\" class=\"has-inline-color has-black-color\">..<\/mark><\/mark><br><mark style=\"background-color:#000000\" class=\"has-inline-color has-white-color\"><mark style=\"background-color:#000000\" class=\"has-inline-color has-black-color\">..<\/mark><\/mark>Redovisningsassistent<mark style=\"background-color:#000000\" class=\"has-inline-color has-white-color\"><mark style=\"background-color:#000000\" class=\"has-inline-color has-black-color\">..<\/mark><\/mark><br><mark style=\"background-color:#000000\" class=\"has-inline-color has-white-color\"><mark style=\"background-color:#000000\" class=\"has-inline-color has-black-color\">..<\/mark><\/mark><a href=\"mailto:Hilda@ekonomikonsultofm.se\">Hilda@ekonomikonsultofm.se<\/a><mark style=\"background-color:#000000\" class=\"has-inline-color has-black-color\">..<\/mark><\/mark><\/figcaption><\/figure>\n<\/figure>\n\n\n\n<p><a href=\"https:\/\/www.ekonomikonsultofm.se\/?page_id=30\" target=\"_blank\" rel=\"noreferrer noopener\"><\/a><\/p>\n","protected":false},"excerpt":{"rendered":"","protected":false},"author":1,"featured_media":0,"parent":0,"menu_order":1,"comment_status":"closed","ping_status":"open","template":"","meta":{"footnotes":""},"class_list":["post-30","page","type-page","status-publish","hentry"],"_links":{"self":[{"href":"https:\/\/www.ekonomikonsultofm.se\/index.php?rest_route=\/wp\/v2\/pages\/30","targetHints":{"allow":["GET"]}}],"collection":[{"href":"https:\/\/www.ekonomikonsultofm.se\/index.php?rest_route=\/wp\/v2\/pages"}],"about":[{"href":"https:\/\/www.ekonomikonsultofm.se\/index.php?rest_route=\/wp\/v2\/types\/page"}],"author":[{"embeddable":true,"href":"https:\/\/www.ekonomikonsultofm.se\/index.php?rest_route=\/wp\/v2\/users\/1"}],"replies":[{"embeddable":true,"href":"https:\/\/www.ekonomikonsultofm.se\/index.php?rest_route=%2Fwp%2Fv2%2Fcomments&post=30"}],"version-history":[{"count":15,"href":"https:\/\/www.ekonomikonsultofm.se\/index.php?rest_route=\/wp\/v2\/pages\/30\/revisions"}],"predecessor-version":[{"id":121,"href":"https:\/\/www.ekonomikonsultofm.se\/index.php?rest_route=\/wp\/v2\/pages\/30\/revisions\/121"}],"wp:attachment":[{"href":"https:\/\/www.ekonomikonsultofm.se\/index.php?rest_route=%2Fwp%2Fv2%2Fmedia&parent=30"}],"curies":[{"name":"wp","href":"https:\/\/api.w.org\/{rel}","templated":true}]}}