{"id":32,"date":"2016-09-15T13:34:20","date_gmt":"2016-09-15T12:34:20","guid":{"rendered":"http:\/\/ekonomikonsultofm.se\/?page_id=32"},"modified":"2026-04-11T19:27:54","modified_gmt":"2026-04-11T18:27:54","slug":"kontakta-oss","status":"publish","type":"page","link":"https:\/\/www.ekonomikonsultofm.se\/?page_id=32","title":{"rendered":"Kontakta oss?"},"content":{"rendered":"<p>Carina R\u00f6nk\u00e4<br \/>\n0761-745402<br \/>\n<a href=\"mailto:carina@ekonomikonsultofm.se\">carina@ekonomikonsultofm.se<\/a><\/p>\n<p>Johanna Persson<br \/>\n070-9599615<br \/>\n<a href=\"mailto:johanna@ekonomikonsultofm.se\">johanna@ekonomikonsultofm.se<\/a><\/p>\n<p>V\u00e5rt kontor ligger p\u00e5 Citronv\u00e4gen 4, 293 33 Olofstr\u00f6m<\/p>\n<p><iframe loading=\"lazy\" style=\"border: 0;\" src=\"https:\/\/www.google.com\/maps\/embed?pb=!1m18!1m12!1m3!1d4198.835778403178!2d14.542092346654444!3d56.27398340286208!2m3!1f0!2f0!3f0!3m2!1i1024!2i768!4f13.1!3m3!1m2!1s0x4656bd1133ffeba3%3A0x3a0619efdba42960!2sCitronv%C3%A4gen+4%2C+293+33+Olofstr%C3%B6m!5e1!3m2!1ssv!2sse!4v1473942520761\" width=\"400\" height=\"300\" frameborder=\"0\" allowfullscreen=\"allowfullscreen\"><\/iframe><\/p>\n","protected":false},"excerpt":{"rendered":"<p>Carina R\u00f6nk\u00e4 0761-745402 carina@ekonomikonsultofm.se Johanna Persson 070-9599615 johanna@ekonomikonsultofm.se V\u00e5rt kontor ligger p\u00e5 Citronv\u00e4gen 4, 293 33 Olofstr\u00f6m<\/p>\n","protected":false},"author":1,"featured_media":0,"parent":0,"menu_order":3,"comment_status":"closed","ping_status":"open","template":"","meta":{"footnotes":""},"class_list":["post-32","page","type-page","status-publish","hentry"],"_links":{"self":[{"href":"https:\/\/www.ekonomikonsultofm.se\/index.php?rest_route=\/wp\/v2\/pages\/32","targetHints":{"allow":["GET"]}}],"collection":[{"href":"https:\/\/www.ekonomikonsultofm.se\/index.php?rest_route=\/wp\/v2\/pages"}],"about":[{"href":"https:\/\/www.ekonomikonsultofm.se\/index.php?rest_route=\/wp\/v2\/types\/page"}],"author":[{"embeddable":true,"href":"https:\/\/www.ekonomikonsultofm.se\/index.php?rest_route=\/wp\/v2\/users\/1"}],"replies":[{"embeddable":true,"href":"https:\/\/www.ekonomikonsultofm.se\/index.php?rest_route=%2Fwp%2Fv2%2Fcomments&post=32"}],"version-history":[{"count":7,"href":"https:\/\/www.ekonomikonsultofm.se\/index.php?rest_route=\/wp\/v2\/pages\/32\/revisions"}],"predecessor-version":[{"id":157,"href":"https:\/\/www.ekonomikonsultofm.se\/index.php?rest_route=\/wp\/v2\/pages\/32\/revisions\/157"}],"wp:attachment":[{"href":"https:\/\/www.ekonomikonsultofm.se\/index.php?rest_route=%2Fwp%2Fv2%2Fmedia&parent=32"}],"curies":[{"name":"wp","href":"https:\/\/api.w.org\/{rel}","templated":true}]}}