{"id":36,"date":"2016-09-16T12:51:32","date_gmt":"2016-09-16T11:51:32","guid":{"rendered":"http:\/\/ekonomikonsultofm.se\/?page_id=36"},"modified":"2016-09-16T14:19:06","modified_gmt":"2016-09-16T13:19:06","slug":"tjanster","status":"publish","type":"page","link":"https:\/\/www.ekonomikonsultofm.se\/?page_id=36","title":{"rendered":"Tj\u00e4nster"},"content":{"rendered":"<ul>\n<li>Starta eget r\u00e5dgivning<\/li>\n<li>Bolagsbildning<\/li>\n<li>Deklaration<\/li>\n<li>Redovisning<\/li>\n<li>Fakturering<\/li>\n<li>Redovisning av moms och skatt<\/li>\n<li>Bokslut<\/li>\n<li>\u00c5rsredovisning<\/li>\n<li>L\u00f6nehantering<\/li>\n<li>Ekonomistyrning av f\u00f6retag<\/li>\n<\/ul>\n","protected":false},"excerpt":{"rendered":"<p>Starta eget r\u00e5dgivning Bolagsbildning Deklaration Redovisning Fakturering Redovisning av moms och skatt Bokslut \u00c5rsredovisning L\u00f6nehantering Ekonomistyrning av f\u00f6retag<\/p>\n","protected":false},"author":1,"featured_media":0,"parent":0,"menu_order":2,"comment_status":"closed","ping_status":"open","template":"","meta":{"footnotes":""},"class_list":["post-36","page","type-page","status-publish","hentry"],"_links":{"self":[{"href":"https:\/\/www.ekonomikonsultofm.se\/index.php?rest_route=\/wp\/v2\/pages\/36","targetHints":{"allow":["GET"]}}],"collection":[{"href":"https:\/\/www.ekonomikonsultofm.se\/index.php?rest_route=\/wp\/v2\/pages"}],"about":[{"href":"https:\/\/www.ekonomikonsultofm.se\/index.php?rest_route=\/wp\/v2\/types\/page"}],"author":[{"embeddable":true,"href":"https:\/\/www.ekonomikonsultofm.se\/index.php?rest_route=\/wp\/v2\/users\/1"}],"replies":[{"embeddable":true,"href":"https:\/\/www.ekonomikonsultofm.se\/index.php?rest_route=%2Fwp%2Fv2%2Fcomments&post=36"}],"version-history":[{"count":3,"href":"https:\/\/www.ekonomikonsultofm.se\/index.php?rest_route=\/wp\/v2\/pages\/36\/revisions"}],"predecessor-version":[{"id":55,"href":"https:\/\/www.ekonomikonsultofm.se\/index.php?rest_route=\/wp\/v2\/pages\/36\/revisions\/55"}],"wp:attachment":[{"href":"https:\/\/www.ekonomikonsultofm.se\/index.php?rest_route=%2Fwp%2Fv2%2Fmedia&parent=36"}],"curies":[{"name":"wp","href":"https:\/\/api.w.org\/{rel}","templated":true}]}}